{"id":1246,"date":"2020-03-30T05:16:13","date_gmt":"2020-03-30T05:16:13","guid":{"rendered":"http:\/\/pluginspoint.com\/geoport\/?page_id=1246"},"modified":"2020-10-05T19:39:20","modified_gmt":"2020-10-06T00:39:20","slug":"services","status":"publish","type":"page","link":"https:\/\/www.tshlogistic.com\/?page_id=1246","title":{"rendered":"Noticias"},"content":{"rendered":"\t\t<div data-elementor-type=\"wp-page\" data-elementor-id=\"1246\" class=\"elementor elementor-1246\" data-elementor-settings=\"[]\">\n\t\t\t\t\t\t<div class=\"elementor-inner\">\n\t\t\t\t\t\t\t<div class=\"elementor-section-wrap\">\n\t\t\t\t\t\t\t<section class=\"elementor-section elementor-top-section elementor-element elementor-element-4bb66db elementor-section-boxed elementor-section-height-default elementor-section-height-default\" data-id=\"4bb66db\" data-element_type=\"section\" data-settings=\"{&quot;background_background&quot;:&quot;classic&quot;}\">\n\t\t\t\t\t\t\t<div class=\"elementor-background-overlay\"><\/div>\n\t\t\t\t\t\t\t<div class=\"elementor-container elementor-column-gap-default\">\n\t\t\t\t\t\t\t<div class=\"elementor-row\">\n\t\t\t\t\t<div class=\"elementor-column elementor-col-100 elementor-top-column elementor-element elementor-element-7cd1272\" data-id=\"7cd1272\" data-element_type=\"column\">\n\t\t\t<div class=\"elementor-column-wrap elementor-element-populated\">\n\t\t\t\t\t\t\t<div class=\"elementor-widget-wrap\">\n\t\t\t\t\t\t<div class=\"elementor-element elementor-element-5857229 elementor-widget elementor-widget-section-head\" data-id=\"5857229\" data-element_type=\"widget\" data-widget_type=\"section-head.default\">\n\t\t\t\t<div class=\"elementor-widget-container\">\n\t\t\t\t\t<div class=\"section-title s-section-title\">\r\n\t\t\t            <span class=\"line wow \">Nuestras<\/span>\r\n                        <h2>\r\n            \t            \t<span class=\"tl1\" >Noticias<\/span>\r\n            \t            <\/h2>\r\n                        <h2 class=\"bg-title\">Nuestras<\/h2>\r\n        \t      <\/div>\r\n\t\t\t<\/div>\n\t\t\t\t<\/div>\n\t\t\t\t\t\t<\/div>\n\t\t\t\t\t<\/div>\n\t\t<\/div>\n\t\t\t\t\t\t\t\t<\/div>\n\t\t\t\t\t<\/div>\n\t\t<\/section>\n\t\t\t\t<section class=\"elementor-section elementor-top-section elementor-element elementor-element-2796201 elementor-section-boxed elementor-section-height-default elementor-section-height-default\" data-id=\"2796201\" data-element_type=\"section\">\n\t\t\t\t\t\t<div class=\"elementor-container elementor-column-gap-default\">\n\t\t\t\t\t\t\t<div class=\"elementor-row\">\n\t\t\t\t\t<div class=\"elementor-column elementor-col-100 elementor-top-column elementor-element elementor-element-b4a573d\" data-id=\"b4a573d\" data-element_type=\"column\">\n\t\t\t<div class=\"elementor-column-wrap elementor-element-populated\">\n\t\t\t\t\t\t\t<div class=\"elementor-widget-wrap\">\n\t\t\t\t\t\t<div class=\"elementor-element elementor-element-3f6e415 elementor-widget elementor-widget-section-blog\" data-id=\"3f6e415\" data-element_type=\"widget\" data-widget_type=\"section-blog.default\">\n\t\t\t\t<div class=\"elementor-widget-container\">\n\t\t\t\r\n<script type=\"text\/javascript\">\r\n   jQuery(document).ready(function(){\r\n\t\t\/\/ blog\r\n\t\tjQuery('.blog-post-thumb-active').slick({\r\n\t\t\tautoplay:true,\r\n\t\t\tautoplaySpeed:1500,\r\n\t\t\tdots: false,\r\n\t\t\tinfinite: true,\r\n\t\t\tarrows: true,\r\n\t\t\tspeed: 1500,\r\n\t\t\tslidesToShow: 1,\r\n\t\t\tslidesToScroll: 1,\r\n\t\t\tfade: true,\r\n\t\t\tprevArrow: '<button type=\"button\" class=\"slick-prev\"><i class=\"fas fa-arrow-left\"><\/i><\/button>',\r\n\t\t\tnextArrow: '<button type=\"button\" class=\"slick-next\"><i class=\"fas fa-arrow-right\"><\/i><\/button>',\r\n\t\t});\r\n   });\r\n<\/script> \r\n\r\n \r\n\t\r\n<div class=\"row blog-shortcode\">\r\n\t    <div class=\"col-lg-4 col-md-6\">\r\n\t   <article id=\"post-3254\" class=\"post-3254 post type-post status-publish format-standard has-post-thumbnail hentry category-noticias\">\r\n\t      <div class=\"bsingle-post shortcode-panel mb-30\">\r\n\t      \t        \t          <div class=\"blog-thumb\">\r\n\t            <a href=\"https:\/\/www.tshlogistic.com\/?p=3254\"><img width=\"770\" height=\"460\" src=\"https:\/\/www.tshlogistic.com\/wp-content\/uploads\/2020\/10\/noticias-logistica-lima-3-770x460.jpg\" class=\"attachment-geoport-770-460 size-geoport-770-460 wp-post-image\" alt=\"\" loading=\"lazy\" \/><\/a>\r\n\t          <\/div>                                                                                        \r\n\t        \t        <div class=\"bpost-content\">\r\n\t        \t\t          <h2><a href=\"https:\/\/www.tshlogistic.com\/?p=3254\">30% de empresas peruanas tiene una alta eficiencia log\u00edstica<\/a><\/h2>\r\n\t          <p>El 30% de las empresas nacionales presentan un alto nivel de automatizaci\u00f3n y eficacia en su cadena log\u00edstica. Este<\/p>\r\n\t            <div class=\"bpost-avatar\">\r\n\t              <div class=\"bavatar-img\">\r\n\t                <img alt='' src='https:\/\/secure.gravatar.com\/avatar\/177ab76369cf8fed0aaeef85597457c6?s=40&#038;d=mm&#038;r=g' srcset='https:\/\/secure.gravatar.com\/avatar\/177ab76369cf8fed0aaeef85597457c6?s=80&#038;d=mm&#038;r=g 2x' class='avatar avatar-40 photo' height='40' width='40' loading='lazy'\/>\t              <\/div>\r\n\t              <div class=\"bavatar-info\">\r\n\t                <p>By <a href=\"https:\/\/www.tshlogistic.com\/?author=1\" title=\"Publicados por admin123456\" rel=\"author\">admin123456<\/a><\/p>\r\n\t              <\/div>\r\n\t            <\/div>\r\n\t          <div class=\"b-readmore\">\r\n\t            <a href=\"https:\/\/www.tshlogistic.com\/?p=3254\"><i class=\"fal fa-arrow-right\"><\/i>Read More<\/a>\r\n\t          <\/div>\r\n\t        <\/div>\r\n\t      \t      \t    <\/div>\r\n\t  <\/article>\r\n\t<\/div>\r\n        <div class=\"col-lg-4 col-md-6\">\r\n\t   <article id=\"post-3255\" class=\"post-3255 post type-post status-publish format-standard has-post-thumbnail hentry category-noticias\">\r\n\t      <div class=\"bsingle-post shortcode-panel mb-30\">\r\n\t      \t        \t          <div class=\"blog-thumb\">\r\n\t            <a href=\"https:\/\/www.tshlogistic.com\/?p=3255\"><img width=\"760\" height=\"460\" src=\"https:\/\/www.tshlogistic.com\/wp-content\/uploads\/2020\/10\/importcayo9-760x460.jpg\" class=\"attachment-geoport-770-460 size-geoport-770-460 wp-post-image\" alt=\"\" loading=\"lazy\" \/><\/a>\r\n\t          <\/div>                                                                                        \r\n\t        \t        <div class=\"bpost-content\">\r\n\t        \t\t          <h2><a href=\"https:\/\/www.tshlogistic.com\/?p=3255\">Importaciones cayeron 9.1% en el primer semestre<\/a><\/h2>\r\n\t          <p>El valor de las importaciones en el primer semestre del a\u00f1o, seg\u00fan cifras de la&nbsp;Sunat, ascendi\u00f3 a US$ 17,285<\/p>\r\n\t            <div class=\"bpost-avatar\">\r\n\t              <div class=\"bavatar-img\">\r\n\t                <img alt='' src='https:\/\/secure.gravatar.com\/avatar\/177ab76369cf8fed0aaeef85597457c6?s=40&#038;d=mm&#038;r=g' srcset='https:\/\/secure.gravatar.com\/avatar\/177ab76369cf8fed0aaeef85597457c6?s=80&#038;d=mm&#038;r=g 2x' class='avatar avatar-40 photo' height='40' width='40' loading='lazy'\/>\t              <\/div>\r\n\t              <div class=\"bavatar-info\">\r\n\t                <p>By <a href=\"https:\/\/www.tshlogistic.com\/?author=1\" title=\"Publicados por admin123456\" rel=\"author\">admin123456<\/a><\/p>\r\n\t              <\/div>\r\n\t            <\/div>\r\n\t          <div class=\"b-readmore\">\r\n\t            <a href=\"https:\/\/www.tshlogistic.com\/?p=3255\"><i class=\"fal fa-arrow-right\"><\/i>Read More<\/a>\r\n\t          <\/div>\r\n\t        <\/div>\r\n\t      \t      \t    <\/div>\r\n\t  <\/article>\r\n\t<\/div>\r\n        <div class=\"col-lg-4 col-md-6\">\r\n\t   <article id=\"post-3256\" class=\"post-3256 post type-post status-publish format-standard has-post-thumbnail hentry category-noticias\">\r\n\t      <div class=\"bsingle-post shortcode-panel mb-30\">\r\n\t      \t        \t          <div class=\"blog-thumb\">\r\n\t            <a href=\"https:\/\/www.tshlogistic.com\/?p=3256\"><img width=\"770\" height=\"460\" src=\"https:\/\/www.tshlogistic.com\/wp-content\/uploads\/2020\/10\/noticias-logistica-lima-2.1-1-770x460.jpg\" class=\"attachment-geoport-770-460 size-geoport-770-460 wp-post-image\" alt=\"\" loading=\"lazy\" \/><\/a>\r\n\t          <\/div>                                                                                        \r\n\t        \t        <div class=\"bpost-content\">\r\n\t        \t\t          <h2><a href=\"https:\/\/www.tshlogistic.com\/?p=3256\">Cinco razones por las que los acuerdos comerciales son importantes para Am\u00e9rica Latina y el Caribe<\/a><\/h2>\r\n\t          <p>Los acuerdos comerciales cubren el 70&nbsp;% del total comerciado por Am\u00e9rica Latina y el Caribe (ALC). De los 270<\/p>\r\n\t            <div class=\"bpost-avatar\">\r\n\t              <div class=\"bavatar-img\">\r\n\t                <img alt='' src='https:\/\/secure.gravatar.com\/avatar\/177ab76369cf8fed0aaeef85597457c6?s=40&#038;d=mm&#038;r=g' srcset='https:\/\/secure.gravatar.com\/avatar\/177ab76369cf8fed0aaeef85597457c6?s=80&#038;d=mm&#038;r=g 2x' class='avatar avatar-40 photo' height='40' width='40' loading='lazy'\/>\t              <\/div>\r\n\t              <div class=\"bavatar-info\">\r\n\t                <p>By <a href=\"https:\/\/www.tshlogistic.com\/?author=1\" title=\"Publicados por admin123456\" rel=\"author\">admin123456<\/a><\/p>\r\n\t              <\/div>\r\n\t            <\/div>\r\n\t          <div class=\"b-readmore\">\r\n\t            <a href=\"https:\/\/www.tshlogistic.com\/?p=3256\"><i class=\"fal fa-arrow-right\"><\/i>Read More<\/a>\r\n\t          <\/div>\r\n\t        <\/div>\r\n\t      \t      \t    <\/div>\r\n\t  <\/article>\r\n\t<\/div>\r\n        <div class=\"col-lg-4 col-md-6\">\r\n\t   <article id=\"post-3257\" class=\"post-3257 post type-post status-publish format-standard has-post-thumbnail hentry category-noticias\">\r\n\t      <div class=\"bsingle-post shortcode-panel mb-30\">\r\n\t      \t        \t          <div class=\"blog-thumb\">\r\n\t            <a href=\"https:\/\/www.tshlogistic.com\/?p=3257\"><img width=\"770\" height=\"460\" src=\"https:\/\/www.tshlogistic.com\/wp-content\/uploads\/2020\/10\/noticias-logistica-lima-e-logistic-1200x565-1-770x460.jpg\" class=\"attachment-geoport-770-460 size-geoport-770-460 wp-post-image\" alt=\"\" loading=\"lazy\" \/><\/a>\r\n\t          <\/div>                                                                                        \r\n\t        \t        <div class=\"bpost-content\">\r\n\t        \t\t          <h2><a href=\"https:\/\/www.tshlogistic.com\/?p=3257\">Costo log\u00edstico llega a ser de 49% en la agroexportaci\u00f3n<\/a><\/h2>\r\n\t          <p>El costo log\u00edstico de las cadenas de agroexportaci\u00f3n peruanas representa entre 22% y 49% de todos sus costos de<\/p>\r\n\t            <div class=\"bpost-avatar\">\r\n\t              <div class=\"bavatar-img\">\r\n\t                <img alt='' src='https:\/\/secure.gravatar.com\/avatar\/177ab76369cf8fed0aaeef85597457c6?s=40&#038;d=mm&#038;r=g' srcset='https:\/\/secure.gravatar.com\/avatar\/177ab76369cf8fed0aaeef85597457c6?s=80&#038;d=mm&#038;r=g 2x' class='avatar avatar-40 photo' height='40' width='40' loading='lazy'\/>\t              <\/div>\r\n\t              <div class=\"bavatar-info\">\r\n\t                <p>By <a href=\"https:\/\/www.tshlogistic.com\/?author=1\" title=\"Publicados por admin123456\" rel=\"author\">admin123456<\/a><\/p>\r\n\t              <\/div>\r\n\t            <\/div>\r\n\t          <div class=\"b-readmore\">\r\n\t            <a href=\"https:\/\/www.tshlogistic.com\/?p=3257\"><i class=\"fal fa-arrow-right\"><\/i>Read More<\/a>\r\n\t          <\/div>\r\n\t        <\/div>\r\n\t      \t      \t    <\/div>\r\n\t  <\/article>\r\n\t<\/div>\r\n    <\/div>\r\n\r\n\t\t<\/div>\n\t\t\t\t<\/div>\n\t\t\t\t\t\t<\/div>\n\t\t\t\t\t<\/div>\n\t\t<\/div>\n\t\t\t\t\t\t\t\t<\/div>\n\t\t\t\t\t<\/div>\n\t\t<\/section>\n\t\t\t\t\t\t<\/div>\n\t\t\t\t\t\t<\/div>\n\t\t\t\t\t<\/div>\n\t\t","protected":false},"excerpt":{"rendered":"<p>Nuestras Noticias Nuestras 30% de empresas peruanas tiene una alta eficiencia log\u00edstica El 30% de las empresas nacionales presentan un alto nivel de automatizaci\u00f3n y eficacia en su cadena log\u00edstica. Este By admin123456 Read More Importaciones cayeron 9.1% en el primer semestre El valor de las importaciones en el primer semestre del a\u00f1o, seg\u00fan cifras [&hellip;]<\/p>\n","protected":false},"author":1,"featured_media":0,"parent":0,"menu_order":0,"comment_status":"closed","ping_status":"closed","template":"page-template\/blank-page-sidebar.php","meta":[],"_links":{"self":[{"href":"https:\/\/www.tshlogistic.com\/index.php?rest_route=\/wp\/v2\/pages\/1246"}],"collection":[{"href":"https:\/\/www.tshlogistic.com\/index.php?rest_route=\/wp\/v2\/pages"}],"about":[{"href":"https:\/\/www.tshlogistic.com\/index.php?rest_route=\/wp\/v2\/types\/page"}],"author":[{"embeddable":true,"href":"https:\/\/www.tshlogistic.com\/index.php?rest_route=\/wp\/v2\/users\/1"}],"replies":[{"embeddable":true,"href":"https:\/\/www.tshlogistic.com\/index.php?rest_route=%2Fwp%2Fv2%2Fcomments&post=1246"}],"version-history":[{"count":8,"href":"https:\/\/www.tshlogistic.com\/index.php?rest_route=\/wp\/v2\/pages\/1246\/revisions"}],"predecessor-version":[{"id":3421,"href":"https:\/\/www.tshlogistic.com\/index.php?rest_route=\/wp\/v2\/pages\/1246\/revisions\/3421"}],"wp:attachment":[{"href":"https:\/\/www.tshlogistic.com\/index.php?rest_route=%2Fwp%2Fv2%2Fmedia&parent=1246"}],"curies":[{"name":"wp","href":"https:\/\/api.w.org\/{rel}","templated":true}]}}