{"id":1621,"date":"2020-04-02T05:22:08","date_gmt":"2020-04-02T05:22:08","guid":{"rendered":"http:\/\/pluginspoint.com\/geoport\/?page_id=1621"},"modified":"2020-10-05T19:41:57","modified_gmt":"2020-10-06T00:41:57","slug":"our-history","status":"publish","type":"page","link":"https:\/\/www.tshlogistic.com\/?page_id=1621","title":{"rendered":"Porque elegirnos"},"content":{"rendered":"\t\t<div data-elementor-type=\"wp-page\" data-elementor-id=\"1621\" class=\"elementor elementor-1621\" data-elementor-settings=\"[]\">\n\t\t\t\t\t\t<div class=\"elementor-inner\">\n\t\t\t\t\t\t\t<div class=\"elementor-section-wrap\">\n\t\t\t\t\t\t\t<section class=\"elementor-section elementor-top-section elementor-element elementor-element-f4dd8d2 elementor-section-boxed elementor-section-height-default elementor-section-height-default\" data-id=\"f4dd8d2\" data-element_type=\"section\" data-settings=\"{&quot;background_background&quot;:&quot;classic&quot;}\">\n\t\t\t\t\t\t<div class=\"elementor-container elementor-column-gap-default\">\n\t\t\t\t\t\t\t<div class=\"elementor-row\">\n\t\t\t\t\t<div class=\"elementor-column elementor-col-100 elementor-top-column elementor-element elementor-element-8d2b1db\" data-id=\"8d2b1db\" data-element_type=\"column\">\n\t\t\t<div class=\"elementor-column-wrap elementor-element-populated\">\n\t\t\t\t\t\t\t<div class=\"elementor-widget-wrap\">\n\t\t\t\t\t\t<div class=\"elementor-element elementor-element-0fc110e elementor-widget elementor-widget-section-head\" data-id=\"0fc110e\" data-element_type=\"widget\" data-widget_type=\"section-head.default\">\n\t\t\t\t<div class=\"elementor-widget-container\">\n\t\t\t\t\t<div class=\"section-title s-section-title\">\r\n\t\t\t            <span class=\"wow \">Timeline<\/span>\r\n                        <h2>\r\n            \t            \t<span class=\"tl1\" >Porque elegirnos<\/span>\r\n            \t            <\/h2>\r\n                        <h2 class=\"bg-title\">Timeline<\/h2>\r\n        \t      <\/div>\r\n\t\t\t<\/div>\n\t\t\t\t<\/div>\n\t\t\t\t<div class=\"elementor-element elementor-element-7805d9b elementor-widget elementor-widget-section-history\" data-id=\"7805d9b\" data-element_type=\"widget\" data-widget_type=\"section-history.default\">\n\t\t\t\t<div class=\"elementor-widget-container\">\n\t\t\t\n<div class=\"history-list-wrap\">\n   <div class=\"history-list-bar\"><\/div>\n\t\t\t   <div class=\"single-history-wrap\">\n          <div class=\"row align-items-center justify-content-center\">\n              <div class=\"col-md-6 order-0 order-md-2\">\n                  <div class=\"history-list-img wow fadeInRight\" data-wow-delay=\"0.2s\">\n                     <img width=\"567\" height=\"310\" src=\"https:\/\/www.tshlogistic.com\/wp-content\/uploads\/2020\/10\/Por-que-elegirnos-02-retocado-1.jpg\" class=\"attachment-post-thumbnail size-post-thumbnail wp-post-image\" alt=\"\" loading=\"lazy\" srcset=\"https:\/\/www.tshlogistic.com\/wp-content\/uploads\/2020\/10\/Por-que-elegirnos-02-retocado-1.jpg 567w, https:\/\/www.tshlogistic.com\/wp-content\/uploads\/2020\/10\/Por-que-elegirnos-02-retocado-1-300x164.jpg 300w, https:\/\/www.tshlogistic.com\/wp-content\/uploads\/2020\/10\/Por-que-elegirnos-02-retocado-1-80x44.jpg 80w\" sizes=\"(max-width: 567px) 100vw, 567px\" \/>                  <\/div>\n              <\/div>\n              <div class=\"col-md-6\">\n                  <div class=\"history-list-content wow fadeInLeft\" data-wow-delay=\"0.2s\">\n                     <span><\/span>\n                     <h2>Contamos con la rigurosa certificaci\u00f3n SGS DEL PERU<\/h2>\n                     <p>Contamos con la rigurosa certificaci\u00f3n SGS DEL PERU la cual respalda nuestro sistema de gesti\u00f3n de seguridad y ocupacional,que nos garantiza como una empresa segura, sostenible, responsable y de confianza , con personal calificado y constantemente capacitado; uniformado y con equipos de protecci\u00f3n (EPP) para todo tipo de actividad a realizar con el servicio a prestar.<\/p>\n                  <\/div>\n              <\/div>\n          <\/div>\n      <\/div>\n\t   \t   <div class=\"single-history-wrap\">\n          <div class=\"row align-items-center justify-content-center\">\n              <div class=\"col-md-6 \">\n                  <div class=\"history-list-img wow fadeInLeft\" data-wow-delay=\"0.2s\">\n                     <img width=\"700\" height=\"700\" src=\"https:\/\/www.tshlogistic.com\/wp-content\/uploads\/2020\/04\/Gesti\u00f3n-Almacenaje-y-Distribuci\u00f3n-de-su-Carga-1.jpg\" class=\"attachment-post-thumbnail size-post-thumbnail wp-post-image\" alt=\"\" loading=\"lazy\" srcset=\"https:\/\/www.tshlogistic.com\/wp-content\/uploads\/2020\/04\/Gesti\u00f3n-Almacenaje-y-Distribuci\u00f3n-de-su-Carga-1.jpg 700w, https:\/\/www.tshlogistic.com\/wp-content\/uploads\/2020\/04\/Gesti\u00f3n-Almacenaje-y-Distribuci\u00f3n-de-su-Carga-1-300x300.jpg 300w, https:\/\/www.tshlogistic.com\/wp-content\/uploads\/2020\/04\/Gesti\u00f3n-Almacenaje-y-Distribuci\u00f3n-de-su-Carga-1-150x150.jpg 150w, https:\/\/www.tshlogistic.com\/wp-content\/uploads\/2020\/04\/Gesti\u00f3n-Almacenaje-y-Distribuci\u00f3n-de-su-Carga-1-80x80.jpg 80w, https:\/\/www.tshlogistic.com\/wp-content\/uploads\/2020\/04\/Gesti\u00f3n-Almacenaje-y-Distribuci\u00f3n-de-su-Carga-1-140x140.jpg 140w\" sizes=\"(max-width: 700px) 100vw, 700px\" \/>                  <\/div>\n              <\/div>\n              <div class=\"col-md-6\">\n                  <div class=\"history-list-content wow fadeInRight\" data-wow-delay=\"0.2s\">\n                     <span><\/span>\n                     <h2>Furgones Ala de Gaviota<\/h2>\n                     <p>Nuestro diferencial radica en nuestras vers\u00e1tiles unidades que cuentan con Furgones Ala de Gaviota, Rampas Hidr\u00e1ulicas, plataformas con suspensi\u00f3n neum\u00e1tica entre otros, que Optimizan: Tiempo, Espacio y Desgaste f\u00edsico del personal y todo lo comprometido a la ejecuci\u00f3n de servicios log\u00edsticos.<\/p>\n                  <\/div>\n              <\/div>\n          <\/div>\n      <\/div>\n\t   \t   <div class=\"single-history-wrap\">\n          <div class=\"row align-items-center justify-content-center\">\n              <div class=\"col-md-6 order-0 order-md-2\">\n                  <div class=\"history-list-img wow fadeInRight\" data-wow-delay=\"0.2s\">\n                     <img width=\"700\" height=\"700\" src=\"https:\/\/www.tshlogistic.com\/wp-content\/uploads\/2020\/10\/Transporte-de-Carga-Liviana-y-Pesada.jpg\" class=\"attachment-post-thumbnail size-post-thumbnail wp-post-image\" alt=\"\" loading=\"lazy\" srcset=\"https:\/\/www.tshlogistic.com\/wp-content\/uploads\/2020\/10\/Transporte-de-Carga-Liviana-y-Pesada.jpg 700w, https:\/\/www.tshlogistic.com\/wp-content\/uploads\/2020\/10\/Transporte-de-Carga-Liviana-y-Pesada-300x300.jpg 300w, https:\/\/www.tshlogistic.com\/wp-content\/uploads\/2020\/10\/Transporte-de-Carga-Liviana-y-Pesada-150x150.jpg 150w, https:\/\/www.tshlogistic.com\/wp-content\/uploads\/2020\/10\/Transporte-de-Carga-Liviana-y-Pesada-80x80.jpg 80w, https:\/\/www.tshlogistic.com\/wp-content\/uploads\/2020\/10\/Transporte-de-Carga-Liviana-y-Pesada-140x140.jpg 140w\" sizes=\"(max-width: 700px) 100vw, 700px\" \/>                  <\/div>\n              <\/div>\n              <div class=\"col-md-6\">\n                  <div class=\"history-list-content wow fadeInLeft\" data-wow-delay=\"0.2s\">\n                     <span><\/span>\n                     <h2>Unidades Modernas<\/h2>\n                     <p>Todas nuestras unidades son modernas y est\u00e1n acondicionadas con equipos modernos para mayor seguridad, adem\u00e1s contamos con personal altamente calificado que realiza sus funciones con el m\u00e1s alto est\u00e1ndar en la manipulaci\u00f3n de sus bienes. (Conductores Calificados, personal debidamente capacitado y uniformado, equipos de protecci\u00f3n personal, programa de mantenimiento preventivo y sistema integral de seguridad). Actualmente nuestra empresa est\u00e1 certificada como una empresa que aplica criterios de Seguridad y Salud en el trabajo que exige las leyes peruanas, esta certificaci\u00f3n es ejecutada por la empresa SGS del Per\u00fa la cual nos garantiza como una empresa s\u00f3lida, segura y responsable con su medio.<\/p>\n                  <\/div>\n              <\/div>\n          <\/div>\n      <\/div>\n\t   \t   <div class=\"single-history-wrap\">\n          <div class=\"row align-items-center justify-content-center\">\n              <div class=\"col-md-6 \">\n                  <div class=\"history-list-img wow fadeInLeft\" data-wow-delay=\"0.2s\">\n                     <img width=\"700\" height=\"700\" src=\"https:\/\/www.tshlogistic.com\/wp-content\/uploads\/2020\/10\/stratego-01-1-700x700-1.jpg\" class=\"attachment-post-thumbnail size-post-thumbnail wp-post-image\" alt=\"\" loading=\"lazy\" srcset=\"https:\/\/www.tshlogistic.com\/wp-content\/uploads\/2020\/10\/stratego-01-1-700x700-1.jpg 700w, https:\/\/www.tshlogistic.com\/wp-content\/uploads\/2020\/10\/stratego-01-1-700x700-1-300x300.jpg 300w, https:\/\/www.tshlogistic.com\/wp-content\/uploads\/2020\/10\/stratego-01-1-700x700-1-150x150.jpg 150w, https:\/\/www.tshlogistic.com\/wp-content\/uploads\/2020\/10\/stratego-01-1-700x700-1-80x80.jpg 80w, https:\/\/www.tshlogistic.com\/wp-content\/uploads\/2020\/10\/stratego-01-1-700x700-1-140x140.jpg 140w\" sizes=\"(max-width: 700px) 100vw, 700px\" \/>                  <\/div>\n              <\/div>\n              <div class=\"col-md-6\">\n                  <div class=\"history-list-content wow fadeInRight\" data-wow-delay=\"0.2s\">\n                     <span><\/span>\n                     <h2>Unidades de carga liviana y pesada<\/h2>\n                     <p>Nuestra flota est\u00e1 conformada por modernas unidades de carga liviana y pesada de las siguientes capacidades:<\/p>\n<ul>\n<li>02 tn capacidad en volumen 20 m3<\/li>\n<li>10 tn capacidad en volumen 35 m3<\/li>\n<li>15 tn capacidad en volumen 45 m3<\/li>\n<li>20 tn capacidad en volumen 60 m3<\/li>\n<li>30 tn capacidad en volumen 82 m3<\/li>\n<\/ul>\n                  <\/div>\n              <\/div>\n          <\/div>\n      <\/div>\n\t   <\/div>\n\n\t\t<\/div>\n\t\t\t\t<\/div>\n\t\t\t\t\t\t<\/div>\n\t\t\t\t\t<\/div>\n\t\t<\/div>\n\t\t\t\t\t\t\t\t<\/div>\n\t\t\t\t\t<\/div>\n\t\t<\/section>\n\t\t\t\t\t\t<\/div>\n\t\t\t\t\t\t<\/div>\n\t\t\t\t\t<\/div>\n\t\t","protected":false},"excerpt":{"rendered":"<p>Timeline Porque elegirnos Timeline Contamos con la rigurosa certificaci\u00f3n SGS DEL PERU Contamos con la rigurosa certificaci\u00f3n SGS DEL PERU la cual respalda nuestro sistema de gesti\u00f3n de seguridad y ocupacional,que nos garantiza como una empresa segura, sostenible, responsable y de confianza , con personal calificado y constantemente capacitado; uniformado y con equipos de protecci\u00f3n [&hellip;]<\/p>\n","protected":false},"author":1,"featured_media":0,"parent":0,"menu_order":0,"comment_status":"closed","ping_status":"closed","template":"page-template\/blank-page-sidebar.php","meta":[],"_links":{"self":[{"href":"https:\/\/www.tshlogistic.com\/index.php?rest_route=\/wp\/v2\/pages\/1621"}],"collection":[{"href":"https:\/\/www.tshlogistic.com\/index.php?rest_route=\/wp\/v2\/pages"}],"about":[{"href":"https:\/\/www.tshlogistic.com\/index.php?rest_route=\/wp\/v2\/types\/page"}],"author":[{"embeddable":true,"href":"https:\/\/www.tshlogistic.com\/index.php?rest_route=\/wp\/v2\/users\/1"}],"replies":[{"embeddable":true,"href":"https:\/\/www.tshlogistic.com\/index.php?rest_route=%2Fwp%2Fv2%2Fcomments&post=1621"}],"version-history":[{"count":9,"href":"https:\/\/www.tshlogistic.com\/index.php?rest_route=\/wp\/v2\/pages\/1621\/revisions"}],"predecessor-version":[{"id":3423,"href":"https:\/\/www.tshlogistic.com\/index.php?rest_route=\/wp\/v2\/pages\/1621\/revisions\/3423"}],"wp:attachment":[{"href":"https:\/\/www.tshlogistic.com\/index.php?rest_route=%2Fwp%2Fv2%2Fmedia&parent=1621"}],"curies":[{"name":"wp","href":"https:\/\/api.w.org\/{rel}","templated":true}]}}