{"id":1814,"date":"2020-04-04T04:59:39","date_gmt":"2020-04-04T04:59:39","guid":{"rendered":"http:\/\/pluginspoint.com\/geoport\/?page_id=1814"},"modified":"2020-10-05T23:17:51","modified_gmt":"2020-10-06T04:17:51","slug":"our-team","status":"publish","type":"page","link":"https:\/\/www.tshlogistic.com\/?page_id=1814","title":{"rendered":"Servicios"},"content":{"rendered":"\t\t<div data-elementor-type=\"wp-page\" data-elementor-id=\"1814\" class=\"elementor elementor-1814\" data-elementor-settings=\"[]\">\n\t\t\t\t\t\t<div class=\"elementor-inner\">\n\t\t\t\t\t\t\t<div class=\"elementor-section-wrap\">\n\t\t\t\t\t\t\t<section class=\"elementor-section elementor-top-section elementor-element elementor-element-0d19ead elementor-section-boxed elementor-section-height-default elementor-section-height-default\" data-id=\"0d19ead\" data-element_type=\"section\" data-settings=\"{&quot;background_background&quot;:&quot;classic&quot;}\">\n\t\t\t\t\t\t<div class=\"elementor-container elementor-column-gap-default\">\n\t\t\t\t\t\t\t<div class=\"elementor-row\">\n\t\t\t\t\t<div class=\"elementor-column elementor-col-100 elementor-top-column elementor-element elementor-element-8762f52\" data-id=\"8762f52\" data-element_type=\"column\">\n\t\t\t<div class=\"elementor-column-wrap elementor-element-populated\">\n\t\t\t\t\t\t\t<div class=\"elementor-widget-wrap\">\n\t\t\t\t\t\t<div class=\"elementor-element elementor-element-5ecc5fa elementor-widget elementor-widget-section-head\" data-id=\"5ecc5fa\" data-element_type=\"widget\" data-widget_type=\"section-head.default\">\n\t\t\t\t<div class=\"elementor-widget-container\">\n\t\t\t\t\t<div class=\"section-title s-section-title\">\r\n\t\t\t            <span class=\"wow \">Servicios<\/span>\r\n                        <h2>\r\n            \t            \t<span class=\"tl1\" >NUESTROS SERVICIOS<\/span>\r\n            \t            <\/h2>\r\n                        <h2 class=\"bg-title\">Servicios<\/h2>\r\n        \t      <\/div>\r\n\t\t\t<\/div>\n\t\t\t\t<\/div>\n\t\t\t\t\t\t<\/div>\n\t\t\t\t\t<\/div>\n\t\t<\/div>\n\t\t\t\t\t\t\t\t<\/div>\n\t\t\t\t\t<\/div>\n\t\t<\/section>\n\t\t\t\t<section class=\"elementor-section elementor-top-section elementor-element elementor-element-f781382 elementor-section-boxed elementor-section-height-default elementor-section-height-default\" data-id=\"f781382\" data-element_type=\"section\">\n\t\t\t\t\t\t<div class=\"elementor-container elementor-column-gap-default\">\n\t\t\t\t\t\t\t<div class=\"elementor-row\">\n\t\t\t\t\t<div class=\"elementor-column elementor-col-33 elementor-top-column elementor-element elementor-element-4cd0a2c\" data-id=\"4cd0a2c\" data-element_type=\"column\">\n\t\t\t<div class=\"elementor-column-wrap elementor-element-populated\">\n\t\t\t\t\t\t\t<div class=\"elementor-widget-wrap\">\n\t\t\t\t\t\t<div class=\"elementor-element elementor-element-7be350d elementor-widget elementor-widget-single-icon-item\" data-id=\"7be350d\" data-element_type=\"widget\" data-widget_type=\"single-icon-item.default\">\n\t\t\t\t<div class=\"elementor-widget-container\">\n\t\t\t\t\t\r\n\t\t<div class=\"single-services text-left\">\r\n         <div class=\"services-icon\">\r\n            \t\t\t\t\t<img src=\"https:\/\/www.tshlogistic.com\/wp-content\/uploads\/2020\/10\/Distribuci\u00f3n-y-reparto-d.jpg\" alt=\"img\">\r\n         \t         <\/div>\r\n         <div class=\"services-content typography_style\">\r\n                        <h4 >\r\n            \t<a href=\"https:\/\/www.tshlogistic.com\/?cat=25\" rel=\"nofollow\" class=\"icon-box-btn\">Mudanzas simples y corporativas a nivel local y nacional<\/a>            <\/h4>\r\n         \t            <p >Los peruanos somos emprendedores y no podemos parar, es por eso que tenemos un sistema especial con las empresas,<br>\n\n<a href=\"https:\/\/www.tshlogistic.com\/?cat=25\" \">Ver m\u00e1s<\/a><\/p>\r\n         <\/div>\r\n      <\/div>\r\n\r\n\t\t\t\t<\/div>\n\t\t\t\t<\/div>\n\t\t\t\t\t\t<\/div>\n\t\t\t\t\t<\/div>\n\t\t<\/div>\n\t\t\t\t<div class=\"elementor-column elementor-col-33 elementor-top-column elementor-element elementor-element-0e2a576\" data-id=\"0e2a576\" data-element_type=\"column\">\n\t\t\t<div class=\"elementor-column-wrap elementor-element-populated\">\n\t\t\t\t\t\t\t<div class=\"elementor-widget-wrap\">\n\t\t\t\t\t\t<div class=\"elementor-element elementor-element-fc710d7 elementor-widget elementor-widget-single-icon-item\" data-id=\"fc710d7\" data-element_type=\"widget\" data-widget_type=\"single-icon-item.default\">\n\t\t\t\t<div class=\"elementor-widget-container\">\n\t\t\t\t\t\r\n\t\t<div class=\"single-services text-left\">\r\n         <div class=\"services-icon\">\r\n            \t\t\t\t\t<img src=\"https:\/\/www.tshlogistic.com\/wp-content\/uploads\/2020\/10\/Venta-de-\u00fatiles-de-embalaje.jpg\" alt=\"img\">\r\n         \t         <\/div>\r\n         <div class=\"services-content typography_style\">\r\n                        <h4 >\r\n            \t<a href=\"https:\/\/www.tshlogistic.com\/?p=3118\" rel=\"nofollow\" class=\"icon-box-btn\">Venta de \u00fatiles de embalaje<\/a>            <\/h4>\r\n         \t            <p >Se realiza la venta de \u00fatiles de embalaje al por mayor y menos pregunta por el material que necesitas<br>\n\n<a href=\"https:\/\/www.tshlogistic.com\/?p=3118\" \">Ver m\u00e1s<\/a><\/p>\r\n         <\/div>\r\n      <\/div>\r\n\r\n\t\t\t\t<\/div>\n\t\t\t\t<\/div>\n\t\t\t\t\t\t<\/div>\n\t\t\t\t\t<\/div>\n\t\t<\/div>\n\t\t\t\t<div class=\"elementor-column elementor-col-33 elementor-top-column elementor-element elementor-element-f9eeff7\" data-id=\"f9eeff7\" data-element_type=\"column\">\n\t\t\t<div class=\"elementor-column-wrap elementor-element-populated\">\n\t\t\t\t\t\t\t<div class=\"elementor-widget-wrap\">\n\t\t\t\t\t\t<div class=\"elementor-element elementor-element-9086202 elementor-widget elementor-widget-single-icon-item\" data-id=\"9086202\" data-element_type=\"widget\" data-widget_type=\"single-icon-item.default\">\n\t\t\t\t<div class=\"elementor-widget-container\">\n\t\t\t\t\t\r\n\t\t<div class=\"single-services text-left\">\r\n         <div class=\"services-icon\">\r\n            \t\t\t\t\t<img src=\"https:\/\/www.tshlogistic.com\/wp-content\/uploads\/2020\/10\/Transporte-de-personal.jpg\" alt=\"img\">\r\n         \t         <\/div>\r\n         <div class=\"services-content typography_style\">\r\n                        <h4 >\r\n            \t<a href=\"https:\/\/www.tshlogistic.com\/?p=863\" rel=\"nofollow\" class=\"icon-box-btn\">Transporte de personal<\/a>            <\/h4>\r\n         \t            <p >Realizamos el servicio de transporte de personal en el veh\u00edculo que m\u00e1s les convenga, realizamos los destinos a cualquier\n<br>\n\n<a href=\"https:\/\/www.tshlogistic.com\/?p=863\" \">Ver m\u00e1s<\/a><\/p>\r\n         <\/div>\r\n      <\/div>\r\n\r\n\t\t\t\t<\/div>\n\t\t\t\t<\/div>\n\t\t\t\t\t\t<\/div>\n\t\t\t\t\t<\/div>\n\t\t<\/div>\n\t\t\t\t\t\t\t\t<\/div>\n\t\t\t\t\t<\/div>\n\t\t<\/section>\n\t\t\t\t<section class=\"elementor-section elementor-top-section elementor-element elementor-element-2ae221c elementor-section-boxed elementor-section-height-default elementor-section-height-default\" data-id=\"2ae221c\" data-element_type=\"section\">\n\t\t\t\t\t\t<div class=\"elementor-container elementor-column-gap-default\">\n\t\t\t\t\t\t\t<div class=\"elementor-row\">\n\t\t\t\t\t<div class=\"elementor-column elementor-col-33 elementor-top-column elementor-element elementor-element-c402390\" data-id=\"c402390\" data-element_type=\"column\">\n\t\t\t<div class=\"elementor-column-wrap elementor-element-populated\">\n\t\t\t\t\t\t\t<div class=\"elementor-widget-wrap\">\n\t\t\t\t\t\t<div class=\"elementor-element elementor-element-a491652 elementor-widget elementor-widget-single-icon-item\" data-id=\"a491652\" data-element_type=\"widget\" data-widget_type=\"single-icon-item.default\">\n\t\t\t\t<div class=\"elementor-widget-container\">\n\t\t\t\t\t\r\n\t\t<div class=\"single-services text-left\">\r\n         <div class=\"services-icon\">\r\n            \t\t\t\t\t<img src=\"https:\/\/www.tshlogistic.com\/wp-content\/uploads\/2020\/10\/Servicio-de-estiba-y-desestiba.jpg\" alt=\"img\">\r\n         \t         <\/div>\r\n         <div class=\"services-content typography_style\">\r\n                        <h4 >\r\n            \t<a href=\"https:\/\/www.tshlogistic.com\/?p=865\" rel=\"nofollow\" class=\"icon-box-btn\">Servicio de estiba y desestiba<\/a>            <\/h4>\r\n         \t            <p >Realizamos las faenas de carga y descarga, confecci\u00f3n y organizaci\u00f3n de las secuencias operacionales, log\u00edstica de terminal, recepci\u00f3n, almacenaje y despacho..<br>\n\n<a href=\"https:\/\/www.tshlogistic.com\/?p=865\" \">Ver m\u00e1s<\/a><\/p>\r\n         <\/div>\r\n      <\/div>\r\n\r\n\t\t\t\t<\/div>\n\t\t\t\t<\/div>\n\t\t\t\t\t\t<\/div>\n\t\t\t\t\t<\/div>\n\t\t<\/div>\n\t\t\t\t<div class=\"elementor-column elementor-col-33 elementor-top-column elementor-element elementor-element-c23e7e5\" data-id=\"c23e7e5\" data-element_type=\"column\">\n\t\t\t<div class=\"elementor-column-wrap elementor-element-populated\">\n\t\t\t\t\t\t\t<div class=\"elementor-widget-wrap\">\n\t\t\t\t\t\t<div class=\"elementor-element elementor-element-d920d6b elementor-widget elementor-widget-single-icon-item\" data-id=\"d920d6b\" data-element_type=\"widget\" data-widget_type=\"single-icon-item.default\">\n\t\t\t\t<div class=\"elementor-widget-container\">\n\t\t\t\t\t\r\n\t\t<div class=\"single-services text-left\">\r\n         <div class=\"services-icon\">\r\n            \t\t\t\t\t<img src=\"https:\/\/www.tshlogistic.com\/wp-content\/uploads\/2020\/10\/Alquiler-de-escenarios.jpg\" alt=\"img\">\r\n         \t         <\/div>\r\n         <div class=\"services-content typography_style\">\r\n                        <h4 >\r\n            \t<a href=\"https:\/\/www.tshlogistic.com\/?p=2729\" rel=\"nofollow\" class=\"icon-box-btn\">Alquiler de escenarios m\u00f3viles para eventos<\/a>            <\/h4>\r\n         \t            <p >Hoy en d\u00eda el organizar un evento conlleva muchos quebraderos de cabeza,pues con nuestros escenarios ya tiene un problema menos del que preocuparse. El montaje y desmontaje de ellos se realiza en unos 30 minutos. \n\n<br>\n\n<a href=\"https:\/\/www.tshlogistic.com\/?p=2729\" \">Ver m\u00e1s<\/a><\/p>\r\n         <\/div>\r\n      <\/div>\r\n\r\n\t\t\t\t<\/div>\n\t\t\t\t<\/div>\n\t\t\t\t\t\t<\/div>\n\t\t\t\t\t<\/div>\n\t\t<\/div>\n\t\t\t\t<div class=\"elementor-column elementor-col-33 elementor-top-column elementor-element elementor-element-4a6a5e9\" data-id=\"4a6a5e9\" data-element_type=\"column\">\n\t\t\t<div class=\"elementor-column-wrap elementor-element-populated\">\n\t\t\t\t\t\t\t<div class=\"elementor-widget-wrap\">\n\t\t\t\t\t\t<div class=\"elementor-element elementor-element-e781984 elementor-widget elementor-widget-single-icon-item\" data-id=\"e781984\" data-element_type=\"widget\" data-widget_type=\"single-icon-item.default\">\n\t\t\t\t<div class=\"elementor-widget-container\">\n\t\t\t\t\t\r\n\t\t<div class=\"single-services text-left\">\r\n         <div class=\"services-icon\">\r\n            \t\t\t\t\t<img src=\"https:\/\/www.tshlogistic.com\/wp-content\/uploads\/2020\/10\/Mudanzas-simples.jpg\" alt=\"img\">\r\n         \t         <\/div>\r\n         <div class=\"services-content typography_style\">\r\n                        <h4 >\r\n            \t<a href=\"https:\/\/www.tshlogistic.com\/?p=2750\" rel=\"nofollow\" class=\"icon-box-btn\">Distribuci\u00f3n y reparto de mercader\u00eda<\/a>            <\/h4>\r\n         \t            <p >El servicio de distribuci\u00f3n es uno de los pilares b\u00e1sicos de nuestra empresa. Gracias a nuestra larga trayectoria en el rubro y a la vasta experiencia con que contamos, nuestros clientes conf\u00edan en nosotros y nos consideran la forma m\u00e1s segura de trasladar su mercader\u00eda.\n\n<br>\n\n<a href=\"https:\/\/www.tshlogistic.com\/?p=2750\" \">Ver m\u00e1s<\/a><\/p>\r\n         <\/div>\r\n      <\/div>\r\n\r\n\t\t\t\t<\/div>\n\t\t\t\t<\/div>\n\t\t\t\t\t\t<\/div>\n\t\t\t\t\t<\/div>\n\t\t<\/div>\n\t\t\t\t\t\t\t\t<\/div>\n\t\t\t\t\t<\/div>\n\t\t<\/section>\n\t\t\t\t<section class=\"elementor-section elementor-top-section elementor-element elementor-element-a39111e elementor-section-boxed elementor-section-height-default elementor-section-height-default\" data-id=\"a39111e\" data-element_type=\"section\">\n\t\t\t\t\t\t<div class=\"elementor-container elementor-column-gap-default\">\n\t\t\t\t\t\t\t<div class=\"elementor-row\">\n\t\t\t\t\t<div class=\"elementor-column elementor-col-33 elementor-top-column elementor-element elementor-element-d742157\" data-id=\"d742157\" data-element_type=\"column\">\n\t\t\t<div class=\"elementor-column-wrap elementor-element-populated\">\n\t\t\t\t\t\t\t<div class=\"elementor-widget-wrap\">\n\t\t\t\t\t\t<div class=\"elementor-element elementor-element-fca4b20 elementor-widget elementor-widget-single-icon-item\" data-id=\"fca4b20\" data-element_type=\"widget\" data-widget_type=\"single-icon-item.default\">\n\t\t\t\t<div class=\"elementor-widget-container\">\n\t\t\t\t\t\r\n\t\t<div class=\"single-services text-left\">\r\n         <div class=\"services-icon\">\r\n            \t\t\t\t\t<img src=\"https:\/\/www.tshlogistic.com\/wp-content\/uploads\/2020\/10\/Embalaje-y-almacenaje.jpg\" alt=\"img\">\r\n         \t         <\/div>\r\n         <div class=\"services-content typography_style\">\r\n                        <h4 >\r\n            \t<a href=\"https:\/\/www.tshlogistic.com\/?p=2736\" rel=\"nofollow\" class=\"icon-box-btn\">Embalaje y almacenaje<\/a>            <\/h4>\r\n         \t            <p >EMBALAJE: Brindamos este servicio, si lo que quiere es solamente embalar sus bienes ya sea para almacenarlo o para trasladarlos con sus propias movilidades, tenemos personal con experiencia en todo tipo de embalajes.<br>\n\n<a href=\"https:\/\/www.tshlogistic.com\/?p=2736\" \">Ver m\u00e1s<\/a><\/p>\r\n         <\/div>\r\n      <\/div>\r\n\r\n\t\t\t\t<\/div>\n\t\t\t\t<\/div>\n\t\t\t\t\t\t<\/div>\n\t\t\t\t\t<\/div>\n\t\t<\/div>\n\t\t\t\t<div class=\"elementor-column elementor-col-33 elementor-top-column elementor-element elementor-element-2b1c0eb\" data-id=\"2b1c0eb\" data-element_type=\"column\">\n\t\t\t<div class=\"elementor-column-wrap elementor-element-populated\">\n\t\t\t\t\t\t\t<div class=\"elementor-widget-wrap\">\n\t\t\t\t\t\t<div class=\"elementor-element elementor-element-9f6ffc7 elementor-widget elementor-widget-single-icon-item\" data-id=\"9f6ffc7\" data-element_type=\"widget\" data-widget_type=\"single-icon-item.default\">\n\t\t\t\t<div class=\"elementor-widget-container\">\n\t\t\t\t\t\r\n\t\t<div class=\"single-services text-left\">\r\n         <div class=\"services-icon\">\r\n            \t\t\t\t\t<img src=\"https:\/\/www.tshlogistic.com\/wp-content\/uploads\/2020\/10\/FURG\u00d3N-2.jpg\" alt=\"img\">\r\n         \t         <\/div>\r\n         <div class=\"services-content typography_style\">\r\n                        <h4 >\r\n            \t<a href=\"https:\/\/www.tshlogistic.com\/?p=2713\" rel=\"nofollow\" class=\"icon-box-btn\">Alquiler de espacios publicitarios en furgones<\/a>            <\/h4>\r\n         \t            <p >Promocionamos tu empresa por las principales calles de lima y provincias. No dejes pasar esta oportunidad de promocionar tu empresa<br>\n\n<a href=\"https:\/\/www.tshlogistic.com\/?p=2713\" \">Ver m\u00e1s<\/a><\/p>\r\n         <\/div>\r\n      <\/div>\r\n\r\n\t\t\t\t<\/div>\n\t\t\t\t<\/div>\n\t\t\t\t\t\t<\/div>\n\t\t\t\t\t<\/div>\n\t\t<\/div>\n\t\t\t\t<div class=\"elementor-column elementor-col-33 elementor-top-column elementor-element elementor-element-fd66d80\" data-id=\"fd66d80\" data-element_type=\"column\">\n\t\t\t<div class=\"elementor-column-wrap\">\n\t\t\t\t\t\t\t<div class=\"elementor-widget-wrap\">\n\t\t\t\t\t\t\t\t<\/div>\n\t\t\t\t\t<\/div>\n\t\t<\/div>\n\t\t\t\t\t\t\t\t<\/div>\n\t\t\t\t\t<\/div>\n\t\t<\/section>\n\t\t\t\t<section class=\"elementor-section elementor-top-section elementor-element elementor-element-bb4c5d2 elementor-section-boxed elementor-section-height-default elementor-section-height-default\" data-id=\"bb4c5d2\" data-element_type=\"section\">\n\t\t\t\t\t\t<div class=\"elementor-container elementor-column-gap-default\">\n\t\t\t\t\t\t\t<div class=\"elementor-row\">\n\t\t\t\t\t<div class=\"elementor-column elementor-col-100 elementor-top-column elementor-element elementor-element-c77819c\" data-id=\"c77819c\" data-element_type=\"column\">\n\t\t\t<div class=\"elementor-column-wrap\">\n\t\t\t\t\t\t\t<div class=\"elementor-widget-wrap\">\n\t\t\t\t\t\t\t\t<\/div>\n\t\t\t\t\t<\/div>\n\t\t<\/div>\n\t\t\t\t\t\t\t\t<\/div>\n\t\t\t\t\t<\/div>\n\t\t<\/section>\n\t\t\t\t\t\t<\/div>\n\t\t\t\t\t\t<\/div>\n\t\t\t\t\t<\/div>\n\t\t","protected":false},"excerpt":{"rendered":"<p>Servicios NUESTROS SERVICIOS Servicios Mudanzas simples y corporativas a nivel local y nacional Los peruanos somos emprendedores y no podemos parar, es por eso que tenemos un sistema especial con las empresas, Ver m\u00e1s Transporte de personal Realizamos el servicio de transporte de personal en el veh\u00edculo que m\u00e1s les convenga, realizamos los destinos a [&hellip;]<\/p>\n","protected":false},"author":1,"featured_media":0,"parent":0,"menu_order":0,"comment_status":"closed","ping_status":"closed","template":"page-template\/blank-page-sidebar.php","meta":[],"_links":{"self":[{"href":"https:\/\/www.tshlogistic.com\/index.php?rest_route=\/wp\/v2\/pages\/1814"}],"collection":[{"href":"https:\/\/www.tshlogistic.com\/index.php?rest_route=\/wp\/v2\/pages"}],"about":[{"href":"https:\/\/www.tshlogistic.com\/index.php?rest_route=\/wp\/v2\/types\/page"}],"author":[{"embeddable":true,"href":"https:\/\/www.tshlogistic.com\/index.php?rest_route=\/wp\/v2\/users\/1"}],"replies":[{"embeddable":true,"href":"https:\/\/www.tshlogistic.com\/index.php?rest_route=%2Fwp%2Fv2%2Fcomments&post=1814"}],"version-history":[{"count":44,"href":"https:\/\/www.tshlogistic.com\/index.php?rest_route=\/wp\/v2\/pages\/1814\/revisions"}],"predecessor-version":[{"id":3470,"href":"https:\/\/www.tshlogistic.com\/index.php?rest_route=\/wp\/v2\/pages\/1814\/revisions\/3470"}],"wp:attachment":[{"href":"https:\/\/www.tshlogistic.com\/index.php?rest_route=%2Fwp%2Fv2%2Fmedia&parent=1814"}],"curies":[{"name":"wp","href":"https:\/\/api.w.org\/{rel}","templated":true}]}}