{"id":1841,"date":"2020-04-04T06:15:26","date_gmt":"2020-04-04T06:15:26","guid":{"rendered":"http:\/\/pluginspoint.com\/geoport\/?page_id=1841"},"modified":"2020-10-13T17:25:06","modified_gmt":"2020-10-13T22:25:06","slug":"contact","status":"publish","type":"page","link":"https:\/\/www.tshlogistic.com\/?page_id=1841","title":{"rendered":"Contacto"},"content":{"rendered":"\t\t<div data-elementor-type=\"wp-page\" data-elementor-id=\"1841\" class=\"elementor elementor-1841\" data-elementor-settings=\"[]\">\n\t\t\t\t\t\t<div class=\"elementor-inner\">\n\t\t\t\t\t\t\t<div class=\"elementor-section-wrap\">\n\t\t\t\t\t\t\t<section class=\"elementor-section elementor-top-section elementor-element elementor-element-14a4dc3 elementor-section-boxed elementor-section-height-default elementor-section-height-default\" data-id=\"14a4dc3\" data-element_type=\"section\">\n\t\t\t\t\t\t<div class=\"elementor-container elementor-column-gap-default\">\n\t\t\t\t\t\t\t<div class=\"elementor-row\">\n\t\t\t\t\t<div class=\"elementor-column elementor-col-100 elementor-top-column elementor-element elementor-element-515fdf0\" data-id=\"515fdf0\" data-element_type=\"column\">\n\t\t\t<div class=\"elementor-column-wrap elementor-element-populated\">\n\t\t\t\t\t\t\t<div class=\"elementor-widget-wrap\">\n\t\t\t\t\t\t<section class=\"elementor-section elementor-inner-section elementor-element elementor-element-e249bd4 elementor-section-boxed elementor-section-height-default elementor-section-height-default\" data-id=\"e249bd4\" data-element_type=\"section\">\n\t\t\t\t\t\t<div class=\"elementor-container elementor-column-gap-default\">\n\t\t\t\t\t\t\t<div class=\"elementor-row\">\n\t\t\t\t\t<div class=\"elementor-column elementor-col-33 elementor-inner-column elementor-element elementor-element-614f11a\" data-id=\"614f11a\" data-element_type=\"column\">\n\t\t\t<div class=\"elementor-column-wrap elementor-element-populated\">\n\t\t\t\t\t\t\t<div class=\"elementor-widget-wrap\">\n\t\t\t\t\t\t<div class=\"elementor-element elementor-element-128a8c7 elementor-widget elementor-widget-contact-box\" data-id=\"128a8c7\" data-element_type=\"widget\" data-widget_type=\"contact-box.default\">\n\t\t\t\t<div class=\"elementor-widget-container\">\n\t\t\t\r\n      <div class=\"single-contact-box text-center\">\r\n         <div class=\"contact-box-content\">\r\n            <div class=\"contact-icon\">\r\n               \t         \t\t<i class=\"fal fa-phone\"><\/i>\r\n\t         \t            <\/div>\r\n                        <h4 >\r\n            \tTel\u00e9fono            <\/h4>\r\n         \t            <p >9999 37635<br>\n295 - 3517<\/p>\r\n         <\/div>\r\n         <div class=\"contact-box-btn\">\r\n         \t            \t<a href=\"tel:+51999937691\">\r\n                        \t\t         \t\t<i class=\"fal fa-phone\"><\/i>\r\n\t         \tLl\u00e1manos         \t\t<\/a>\r\n         <\/div>\r\n         <div class=\"contact-box-big-icon\">\r\n                     \t\t<i class=\"fal fa-phone\"><\/i>\r\n         \t         <\/div>\r\n      <\/div>\r\n\r\n\t\t\t<\/div>\n\t\t\t\t<\/div>\n\t\t\t\t\t\t<\/div>\n\t\t\t\t\t<\/div>\n\t\t<\/div>\n\t\t\t\t<div class=\"elementor-column elementor-col-33 elementor-inner-column elementor-element elementor-element-5a3365b\" data-id=\"5a3365b\" data-element_type=\"column\">\n\t\t\t<div class=\"elementor-column-wrap elementor-element-populated\">\n\t\t\t\t\t\t\t<div class=\"elementor-widget-wrap\">\n\t\t\t\t\t\t<div class=\"elementor-element elementor-element-b1f607e elementor-widget elementor-widget-contact-box\" data-id=\"b1f607e\" data-element_type=\"widget\" data-widget_type=\"contact-box.default\">\n\t\t\t\t<div class=\"elementor-widget-container\">\n\t\t\t\r\n      <div class=\"single-contact-box text-center\">\r\n         <div class=\"contact-box-content\">\r\n            <div class=\"contact-icon\">\r\n               \t         \t\t<i class=\"fal fa-envelope\"><\/i>\r\n\t         \t            <\/div>\r\n                        <h4 >\r\n            \tCorreo            <\/h4>\r\n         \t            <p >ventas@tshlogistic.com<\/p>\r\n         <\/div>\r\n         <div class=\"contact-box-btn\">\r\n         \t            \t<a href=\"mailto:ventas@tshlogistic.com\">\r\n                        \t\t         \t\t<i class=\"fal fa-envelope\"><\/i>\r\n\t         \tEscr\u00edbanos         \t\t<\/a>\r\n         <\/div>\r\n         <div class=\"contact-box-big-icon\">\r\n                     \t\t<i class=\"fal fa-envelope\"><\/i>\r\n         \t         <\/div>\r\n      <\/div>\r\n\r\n\t\t\t<\/div>\n\t\t\t\t<\/div>\n\t\t\t\t\t\t<\/div>\n\t\t\t\t\t<\/div>\n\t\t<\/div>\n\t\t\t\t<div class=\"elementor-column elementor-col-33 elementor-inner-column elementor-element elementor-element-7199f22\" data-id=\"7199f22\" data-element_type=\"column\">\n\t\t\t<div class=\"elementor-column-wrap elementor-element-populated\">\n\t\t\t\t\t\t\t<div class=\"elementor-widget-wrap\">\n\t\t\t\t\t\t<div class=\"elementor-element elementor-element-5c1ca7f elementor-widget elementor-widget-contact-box\" data-id=\"5c1ca7f\" data-element_type=\"widget\" data-widget_type=\"contact-box.default\">\n\t\t\t\t<div class=\"elementor-widget-container\">\n\t\t\t\r\n      <div class=\"single-contact-box text-center\">\r\n         <div class=\"contact-box-content\">\r\n            <div class=\"contact-icon\">\r\n               \t         \t\t<i class=\"fal fa-map\"><\/i>\r\n\t         \t            <\/div>\r\n                        <h4 >\r\n            \tLugar            <\/h4>\r\n         \t            <p >Av.Paseo de la Rep\u00fablica 5089-Ofic. 204 - Surquillo<\/p>\r\n         <\/div>\r\n         <div class=\"contact-box-btn\">\r\n         \t            \t<a>\r\n                        \t\t         \t\t<i class=\"fal fa-map\"><\/i>\r\n\t         \tMapa         \t\t<\/a>\r\n         <\/div>\r\n         <div class=\"contact-box-big-icon\">\r\n                     \t\t<i class=\"fal fa-map\"><\/i>\r\n         \t         <\/div>\r\n      <\/div>\r\n\r\n\t\t\t<\/div>\n\t\t\t\t<\/div>\n\t\t\t\t\t\t<\/div>\n\t\t\t\t\t<\/div>\n\t\t<\/div>\n\t\t\t\t\t\t\t\t<\/div>\n\t\t\t\t\t<\/div>\n\t\t<\/section>\n\t\t\t\t\t\t<\/div>\n\t\t\t\t\t<\/div>\n\t\t<\/div>\n\t\t\t\t\t\t\t\t<\/div>\n\t\t\t\t\t<\/div>\n\t\t<\/section>\n\t\t\t\t<section class=\"elementor-section elementor-top-section elementor-element elementor-element-bee28ec elementor-section-full_width elementor-section-height-default elementor-section-height-default\" data-id=\"bee28ec\" data-element_type=\"section\">\n\t\t\t\t\t\t<div class=\"elementor-container elementor-column-gap-default\">\n\t\t\t\t\t\t\t<div class=\"elementor-row\">\n\t\t\t\t\t<div class=\"elementor-column elementor-col-100 elementor-top-column elementor-element elementor-element-5daad72\" data-id=\"5daad72\" data-element_type=\"column\">\n\t\t\t<div class=\"elementor-column-wrap elementor-element-populated\">\n\t\t\t\t\t\t\t<div class=\"elementor-widget-wrap\">\n\t\t\t\t\t\t<div class=\"elementor-element elementor-element-28a7859 elementor-widget elementor-widget-google_maps\" data-id=\"28a7859\" data-element_type=\"widget\" data-widget_type=\"google_maps.default\">\n\t\t\t\t<div class=\"elementor-widget-container\">\n\t\t\t\t\t<div class=\"elementor-custom-embed\">\n\t\t\t<iframe frameborder=\"0\" scrolling=\"no\" marginheight=\"0\" marginwidth=\"0\"\n\t\t\t\t\tsrc=\"https:\/\/maps.google.com\/maps?q=Av.Paseo%20de%20la%20Rep%C3%BAblica%205089%20Surquillo&#038;t=m&#038;z=15&#038;output=embed&#038;iwloc=near\"\n\t\t\t\t\ttitle=\"Av.Paseo de la Rep\u00fablica 5089 Surquillo\"\n\t\t\t\t\taria-label=\"Av.Paseo de la Rep\u00fablica 5089 Surquillo\"\n\t\t\t><\/iframe>\n\t\t<\/div>\n\t\t\t\t<\/div>\n\t\t\t\t<\/div>\n\t\t\t\t<section class=\"elementor-section elementor-inner-section elementor-element elementor-element-b7d0c43 contact-page-map elementor-section-boxed elementor-section-height-default elementor-section-height-default\" data-id=\"b7d0c43\" data-element_type=\"section\">\n\t\t\t\t\t\t<div class=\"elementor-container elementor-column-gap-default\">\n\t\t\t\t\t\t\t<div class=\"elementor-row\">\n\t\t\t\t\t<div class=\"elementor-column elementor-col-100 elementor-inner-column elementor-element elementor-element-94d74f1\" data-id=\"94d74f1\" data-element_type=\"column\" data-settings=\"{&quot;background_background&quot;:&quot;classic&quot;}\">\n\t\t\t<div class=\"elementor-column-wrap elementor-element-populated\">\n\t\t\t\t\t\t\t<div class=\"elementor-widget-wrap\">\n\t\t\t\t\t\t<div class=\"elementor-element elementor-element-39a57be elementor-widget elementor-widget-heading\" data-id=\"39a57be\" data-element_type=\"widget\" data-widget_type=\"heading.default\">\n\t\t\t\t<div class=\"elementor-widget-container\">\n\t\t\t<h2 class=\"elementor-heading-title elementor-size-default\">Lugar<br>\n<\/h2>\t\t<\/div>\n\t\t\t\t<\/div>\n\t\t\t\t<div class=\"elementor-element elementor-element-fd502f8 text-center elementor-widget elementor-widget-shortcode\" data-id=\"fd502f8\" data-element_type=\"widget\" data-widget_type=\"shortcode.default\">\n\t\t\t\t<div class=\"elementor-widget-container\">\n\t\t\t\t\t<div class=\"elementor-shortcode\"><div role=\"form\" class=\"wpcf7\" id=\"wpcf7-f1790-o1\" lang=\"en-US\" dir=\"ltr\">\n<div class=\"screen-reader-response\"><p role=\"status\" aria-live=\"polite\" aria-atomic=\"true\"><\/p> <ul><\/ul><\/div>\n<form action=\"\/index.php?rest_route=%2Fwp%2Fv2%2Fpages%2F1841#wpcf7-f1790-o1\" method=\"post\" class=\"wpcf7-form init\" novalidate=\"novalidate\" data-status=\"init\">\n<div style=\"display: none;\">\n<input type=\"hidden\" name=\"_wpcf7\" value=\"1790\" \/>\n<input type=\"hidden\" name=\"_wpcf7_version\" value=\"5.5.2\" \/>\n<input type=\"hidden\" name=\"_wpcf7_locale\" value=\"en_US\" \/>\n<input type=\"hidden\" name=\"_wpcf7_unit_tag\" value=\"wpcf7-f1790-o1\" \/>\n<input type=\"hidden\" name=\"_wpcf7_container_post\" value=\"0\" \/>\n<input type=\"hidden\" name=\"_wpcf7_posted_data_hash\" value=\"\" \/>\n<\/div>\n<div class=\"sidebar-form-group\"><i class=\"fal fa-user\"><\/i><span class=\"wpcf7-form-control-wrap your-name\"><input type=\"text\" name=\"your-name\" value=\"\" size=\"40\" class=\"wpcf7-form-control wpcf7-text wpcf7-validates-as-required\" aria-required=\"true\" aria-invalid=\"false\" placeholder=\"Nombre\" \/><\/span><\/div>\n<div class=\"sidebar-form-group\"><i class=\"fal fa-envelope\"><\/i><span class=\"wpcf7-form-control-wrap your-email\"><input type=\"email\" name=\"your-email\" value=\"\" size=\"40\" class=\"wpcf7-form-control wpcf7-text wpcf7-email wpcf7-validates-as-required wpcf7-validates-as-email\" aria-required=\"true\" aria-invalid=\"false\" placeholder=\"Email\" \/><\/span><\/div>\n<div class=\"sidebar-form-group\"><i class=\"fal fa-envelope\"><\/i><span class=\"wpcf7-form-control-wrap tel-602\"><input type=\"tel\" name=\"tel-602\" value=\"\" size=\"40\" class=\"wpcf7-form-control wpcf7-text wpcf7-tel wpcf7-validates-as-tel\" aria-invalid=\"false\" placeholder=\"Tel\u00e9fono\" \/><\/span><\/div>\n<div class=\"sidebar-form-group\"><i class=\"fal fa-edit\"><\/i><span class=\"wpcf7-form-control-wrap your-message\"><textarea name=\"your-message\" cols=\"40\" rows=\"10\" class=\"wpcf7-form-control wpcf7-textarea\" aria-invalid=\"false\" placeholder=\"Mensaje\"><\/textarea><\/span><\/div>\n<p><button class=\"btn yellow-btn\">Enviar<\/button><\/p>\n<p style=\"display: none !important;\"><label>&#916;<textarea name=\"_wpcf7_ak_hp_textarea\" cols=\"45\" rows=\"8\" maxlength=\"100\"><\/textarea><\/label><input type=\"hidden\" id=\"ak_js\" name=\"_wpcf7_ak_js\" value=\"130\"\/><script>document.getElementById( \"ak_js\" ).setAttribute( \"value\", ( new Date() ).getTime() );<\/script><\/p><div class=\"wpcf7-response-output\" aria-hidden=\"true\"><\/div><\/form><\/div><\/div>\n\t\t\t\t<\/div>\n\t\t\t\t<\/div>\n\t\t\t\t\t\t<\/div>\n\t\t\t\t\t<\/div>\n\t\t<\/div>\n\t\t\t\t\t\t\t\t<\/div>\n\t\t\t\t\t<\/div>\n\t\t<\/section>\n\t\t\t\t\t\t<\/div>\n\t\t\t\t\t<\/div>\n\t\t<\/div>\n\t\t\t\t\t\t\t\t<\/div>\n\t\t\t\t\t<\/div>\n\t\t<\/section>\n\t\t\t\t\t\t<\/div>\n\t\t\t\t\t\t<\/div>\n\t\t\t\t\t<\/div>\n\t\t","protected":false},"excerpt":{"rendered":"<p>Tel\u00e9fono 9999 37635 295 &#8211; 3517 Ll\u00e1manos Correo ventas@tshlogistic.com Escr\u00edbanos Lugar Av.Paseo de la Rep\u00fablica 5089-Ofic. 204 &#8211; Surquillo Mapa Lugar<\/p>\n","protected":false},"author":1,"featured_media":0,"parent":0,"menu_order":0,"comment_status":"closed","ping_status":"closed","template":"page-template\/blank-page-sidebar.php","meta":[],"_links":{"self":[{"href":"https:\/\/www.tshlogistic.com\/index.php?rest_route=\/wp\/v2\/pages\/1841"}],"collection":[{"href":"https:\/\/www.tshlogistic.com\/index.php?rest_route=\/wp\/v2\/pages"}],"about":[{"href":"https:\/\/www.tshlogistic.com\/index.php?rest_route=\/wp\/v2\/types\/page"}],"author":[{"embeddable":true,"href":"https:\/\/www.tshlogistic.com\/index.php?rest_route=\/wp\/v2\/users\/1"}],"replies":[{"embeddable":true,"href":"https:\/\/www.tshlogistic.com\/index.php?rest_route=%2Fwp%2Fv2%2Fcomments&post=1841"}],"version-history":[{"count":12,"href":"https:\/\/www.tshlogistic.com\/index.php?rest_route=\/wp\/v2\/pages\/1841\/revisions"}],"predecessor-version":[{"id":3491,"href":"https:\/\/www.tshlogistic.com\/index.php?rest_route=\/wp\/v2\/pages\/1841\/revisions\/3491"}],"wp:attachment":[{"href":"https:\/\/www.tshlogistic.com\/index.php?rest_route=%2Fwp%2Fv2%2Fmedia&parent=1841"}],"curies":[{"name":"wp","href":"https:\/\/api.w.org\/{rel}","templated":true}]}}